{"id":125,"date":"2022-02-22T21:05:39","date_gmt":"2022-02-22T20:05:39","guid":{"rendered":"https:\/\/eratosthenes.eu\/wordpress\/?page_id=125"},"modified":"2022-10-24T23:15:14","modified_gmt":"2022-10-24T22:15:14","slug":"pedagogical-module","status":"publish","type":"page","link":"https:\/\/eratosthenes.eu\/wordpress\/pedagogical-module\/","title":{"rendered":"Pedagogical module"},"content":{"rendered":"\n<div class=\"wp-block-columns alignwide is-layout-flex wp-container-core-columns-is-layout-9d6595d7 wp-block-columns-is-layout-flex\">\n<div class=\"wp-block-column is-layout-flow wp-block-column-is-layout-flow\">\n<h3 class=\"has-text-align-center has-contrast-color has-text-color wp-block-heading\" id=\"pedagogical-module\"><a href=\"https:\/\/sites.google.com\/view\/eratosthenes-pedagogicalmodule\" target=\"_blank\" rel=\"noreferrer noopener\"><strong>Pedagogical module on line<\/strong><\/a><\/h3>\n\n\n\n<figure class=\"wp-block-image size-large\"><img loading=\"lazy\" decoding=\"async\" width=\"1024\" height=\"576\" src=\"https:\/\/eratosthenes.eu\/wordpress\/wp-content\/uploads\/2022\/03\/cover-peda-lamap-en-1024x576.jpg\" alt=\"\" class=\"wp-image-615\" srcset=\"https:\/\/eratosthenes.eu\/wordpress\/wp-content\/uploads\/2022\/03\/cover-peda-lamap-en-1024x576.jpg 1024w, https:\/\/eratosthenes.eu\/wordpress\/wp-content\/uploads\/2022\/03\/cover-peda-lamap-en-300x169.jpg 300w, https:\/\/eratosthenes.eu\/wordpress\/wp-content\/uploads\/2022\/03\/cover-peda-lamap-en-768x432.jpg 768w, https:\/\/eratosthenes.eu\/wordpress\/wp-content\/uploads\/2022\/03\/cover-peda-lamap-en-1536x864.jpg 1536w, https:\/\/eratosthenes.eu\/wordpress\/wp-content\/uploads\/2022\/03\/cover-peda-lamap-en.jpg 1600w\" sizes=\"auto, (max-width: 1024px) 100vw, 1024px\" \/><\/figure>\n\n\n\n<pre class=\"wp-block-preformatted\"><a href=\"https:\/\/sites.google.com\/view\/eratosthenes-pedagogicalmodule\/eratosthenes-experiment\" target=\"_blank\" rel=\"noreferrer noopener\">Sequence 1<\/a> : Discovering and reproducing the experiment made by Eratosthenes\n<a href=\"https:\/\/sites.google.com\/view\/eratosthenes-pedagogicalmodule\/gnomons\" target=\"_blank\" rel=\"noreferrer noopener\">Sequence 2<\/a> : Making and using the gnomons\n<a href=\"https:\/\/sites.google.com\/view\/eratosthenes-pedagogicalmodule\/solar-noon\" target=\"_blank\" rel=\"noreferrer noopener\">Sequence 3<\/a> : To discover solar noon\n<a href=\"https:\/\/sites.google.com\/view\/eratosthenes-pedagogicalmodule\/angles\" target=\"_blank\" rel=\"noreferrer noopener\">Sequence 4<\/a> : Measure the angle between the solar rays and the vertical\n<a href=\"https:\/\/sites.google.com\/view\/eratosthenes-pedagogicalmodule\/earths-size\" target=\"_blank\" rel=\"noreferrer noopener\">Sequence 5<\/a> : To measure Earth's size<\/pre>\n<\/div>\n\n\n\n<div class=\"wp-block-column is-layout-flow wp-block-column-is-layout-flow\">\n<h3 class=\"has-text-align-center wp-block-heading\" id=\"collaborative-project\"><a href=\"https:\/\/sites.google.com\/view\/modulepedagogique-eratosthene\/\" target=\"_blank\" rel=\"noreferrer noopener\"><strong>Module p\u00e9dagogique en ligne<\/strong><\/a><\/h3>\n\n\n\n<figure class=\"wp-block-image size-large\"><img loading=\"lazy\" decoding=\"async\" width=\"1024\" height=\"576\" src=\"https:\/\/eratosthenes.eu\/wordpress\/wp-content\/uploads\/2022\/03\/cover-peda-lamap-fr-1024x576.jpg\" alt=\"\" class=\"wp-image-616\" srcset=\"https:\/\/eratosthenes.eu\/wordpress\/wp-content\/uploads\/2022\/03\/cover-peda-lamap-fr-1024x576.jpg 1024w, https:\/\/eratosthenes.eu\/wordpress\/wp-content\/uploads\/2022\/03\/cover-peda-lamap-fr-300x169.jpg 300w, https:\/\/eratosthenes.eu\/wordpress\/wp-content\/uploads\/2022\/03\/cover-peda-lamap-fr-768x432.jpg 768w, https:\/\/eratosthenes.eu\/wordpress\/wp-content\/uploads\/2022\/03\/cover-peda-lamap-fr-1536x864.jpg 1536w, https:\/\/eratosthenes.eu\/wordpress\/wp-content\/uploads\/2022\/03\/cover-peda-lamap-fr.jpg 1600w\" sizes=\"auto, (max-width: 1024px) 100vw, 1024px\" \/><\/figure>\n\n\n\n<pre class=\"wp-block-preformatted\"><a href=\"https:\/\/sites.google.com\/view\/modulepedagogique-eratosthene\/observations-deratosth%C3%A8ne\" target=\"_blank\" rel=\"noreferrer noopener\">S\u00e9quence 1<\/a> : D\u00e9couvrir les observations d'\u00c9ratosth\u00e8ne et tenter de les reproduire\n<a href=\"https:\/\/sites.google.com\/view\/modulepedagogique-eratosthene\/gnomons\" target=\"_blank\" rel=\"noreferrer noopener\">S\u00e9quence 2<\/a> : R\u00e9aliser et utiliser des gnomons\n<a href=\"https:\/\/sites.google.com\/view\/modulepedagogique-eratosthene\/midi-solaire\" target=\"_blank\" rel=\"noreferrer noopener\">S\u00e9quence 3<\/a> : D\u00e9couvrir le midi solaire\n<a href=\"https:\/\/sites.google.com\/view\/modulepedagogique-eratosthene\/angles\" target=\"_blank\" rel=\"noreferrer noopener\">S\u00e9quence 4<\/a> : Mesurer l'angle entre les rayons solaires et la verticale\n<a href=\"https:\/\/sites.google.com\/view\/modulepedagogique-eratosthene\/taille-de-la-terre\" target=\"_blank\" rel=\"noreferrer noopener\">S\u00e9quence 5<\/a> : Mesurer la taille de la Terre <\/pre>\n<\/div>\n<\/div>\n\n\n\n<div class=\"wp-block-columns alignwide is-layout-flex wp-container-core-columns-is-layout-9d6595d7 wp-block-columns-is-layout-flex\">\n<div class=\"wp-block-column is-layout-flow wp-block-column-is-layout-flow\">\n<h4 class=\"has-text-align-center has-contrast-color has-text-color wp-block-heading\" id=\"pedagogical-module\"><strong>Pedagogical module (Espa\u00f1ol Italiano Deutsch<\/strong>)<\/h4>\n\n\n\n<figure class=\"wp-block-image size-large\"><img loading=\"lazy\" decoding=\"async\" width=\"1024\" height=\"576\" src=\"https:\/\/eratosthenes.eu\/wordpress\/wp-content\/uploads\/2022\/03\/cover-peda-es-it-de-lamap-1024x576.jpg\" alt=\"\" class=\"wp-image-618\" srcset=\"https:\/\/eratosthenes.eu\/wordpress\/wp-content\/uploads\/2022\/03\/cover-peda-es-it-de-lamap-1024x576.jpg 1024w, https:\/\/eratosthenes.eu\/wordpress\/wp-content\/uploads\/2022\/03\/cover-peda-es-it-de-lamap-300x169.jpg 300w, https:\/\/eratosthenes.eu\/wordpress\/wp-content\/uploads\/2022\/03\/cover-peda-es-it-de-lamap-768x432.jpg 768w, https:\/\/eratosthenes.eu\/wordpress\/wp-content\/uploads\/2022\/03\/cover-peda-es-it-de-lamap-1536x864.jpg 1536w, https:\/\/eratosthenes.eu\/wordpress\/wp-content\/uploads\/2022\/03\/cover-peda-es-it-de-lamap.jpg 1600w\" sizes=\"auto, (max-width: 1024px) 100vw, 1024px\" \/><\/figure>\n\n\n\n<p> <strong><a href=\"https:\/\/eratosthenes.eu\/wordpress\/wp-content\/uploads\/2022\/02\/Pedagogic-module-in-Spanish.pdf\">Espa\u00f1ol<\/a> &#8211;  <a href=\"https:\/\/eratosthenes.eu\/wordpress\/wp-content\/uploads\/2022\/02\/Pedagogic-module-in-Italian.pdf\">Italiano<\/a> &#8211; <a href=\"https:\/\/eratosthenes.eu\/wordpress\/wp-content\/uploads\/2022\/02\/Pedagogic-module-in-German.pdf\">Deutsch<\/a><\/strong> <\/p>\n<\/div>\n\n\n\n<div class=\"wp-block-column is-layout-flow wp-block-column-is-layout-flow\">\n<h3 class=\"has-text-align-center wp-block-heading\" id=\"collaborative-project\"><strong>Teacher guide<\/strong><\/h3>\n\n\n\n<figure class=\"wp-block-image size-large\"><img loading=\"lazy\" decoding=\"async\" width=\"1024\" height=\"576\" src=\"https:\/\/eratosthenes.eu\/wordpress\/wp-content\/uploads\/2022\/03\/teacher-guide-lamap-1024x576.jpg\" alt=\"\" class=\"wp-image-619\" srcset=\"https:\/\/eratosthenes.eu\/wordpress\/wp-content\/uploads\/2022\/03\/teacher-guide-lamap-1024x576.jpg 1024w, https:\/\/eratosthenes.eu\/wordpress\/wp-content\/uploads\/2022\/03\/teacher-guide-lamap-300x169.jpg 300w, https:\/\/eratosthenes.eu\/wordpress\/wp-content\/uploads\/2022\/03\/teacher-guide-lamap-768x432.jpg 768w, https:\/\/eratosthenes.eu\/wordpress\/wp-content\/uploads\/2022\/03\/teacher-guide-lamap-1536x864.jpg 1536w, https:\/\/eratosthenes.eu\/wordpress\/wp-content\/uploads\/2022\/03\/teacher-guide-lamap.jpg 1715w\" sizes=\"auto, (max-width: 1024px) 100vw, 1024px\" \/><\/figure>\n\n\n\n<p><strong><a href=\"https:\/\/eratosthenes.eu\/wordpress\/wp-content\/uploads\/2022\/02\/Teacher-guide-in-English.pdf\">English<\/a> &#8211; <a href=\"https:\/\/eratosthenes.eu\/wordpress\/wp-content\/uploads\/2022\/02\/Teacher-guide-in-French.pdf\">Fran\u00e7ais<\/a> &#8211; <strong><a href=\"https:\/\/eratosthenes.eu\/wordpress\/wp-content\/uploads\/2022\/02\/Teacher-guide-in-Spanish.pdf\">Espa\u00f1ol<\/a> &#8211;  <a href=\"https:\/\/eratosthenes.eu\/wordpress\/wp-content\/uploads\/2022\/02\/Teacher-guide-in-Italian.pdf\">Italiano<\/a> &#8211; <a href=\"https:\/\/eratosthenes.eu\/wordpress\/wp-content\/uploads\/2022\/02\/Teacher-guide-in-German.pdf\">Deutsch<\/a><\/strong> &#8211;<a href=\"https:\/\/eratosthenes.eu\/wordpress\/wp-content\/uploads\/2022\/02\/Teacher-guide-in-Portuguese.pdf\">Portugu\u00e9s<\/a> &#8211; <a href=\"https:\/\/eratosthenes.eu\/wordpress\/wp-content\/uploads\/2022\/02\/Teacher-guide-in-Greek.pdf\">\u0395\u03bb\u03bb\u03b7\u03bd\u03b9\u03ba\u03ae<\/a><\/strong> <strong>&#8211; <a href=\"https:\/\/eratosthenes.eu\/wordpress\/wp-content\/uploads\/2022\/02\/Teacher-guide-in-Malay.pdf\">Melayu<\/a><\/strong> &#8211; <a href=\"https:\/\/eratosthenes.eu\/wordpress\/wp-content\/uploads\/2022\/02\/Teacher-guide-in-Chinese.pdf\">\u4e2d\u6587<\/a> &#8211; <a href=\"https:\/\/eratosthenes.eu\/wordpress\/wp-content\/uploads\/2022\/02\/Teacher-guide-in-Hindi.pdf\">\u0939\u093f\u0928\u094d\u0926\u0940<\/a> <\/p>\n\n\n\n<p> <\/p>\n<\/div>\n<\/div>\n\n\n\n<div class=\"wp-block-columns alignwide is-layout-flex wp-container-core-columns-is-layout-9d6595d7 wp-block-columns-is-layout-flex\">\n<div class=\"wp-block-column is-layout-flow wp-block-column-is-layout-flow\">\n<h3 class=\"has-text-align-center has-contrast-color has-text-color wp-block-heading\" id=\"pedagogical-module\"><strong>Parallelism of the solar rays<\/strong><\/h3>\n\n\n\n<figure class=\"wp-block-image size-large\"><img loading=\"lazy\" decoding=\"async\" width=\"1024\" height=\"576\" src=\"https:\/\/eratosthenes.eu\/wordpress\/wp-content\/uploads\/2022\/02\/EXP-parallel-1024x576.jpg\" alt=\"\" class=\"wp-image-569\" srcset=\"https:\/\/eratosthenes.eu\/wordpress\/wp-content\/uploads\/2022\/02\/EXP-parallel-1024x576.jpg 1024w, https:\/\/eratosthenes.eu\/wordpress\/wp-content\/uploads\/2022\/02\/EXP-parallel-300x169.jpg 300w, https:\/\/eratosthenes.eu\/wordpress\/wp-content\/uploads\/2022\/02\/EXP-parallel-768x432.jpg 768w, https:\/\/eratosthenes.eu\/wordpress\/wp-content\/uploads\/2022\/02\/EXP-parallel-1536x864.jpg 1536w, https:\/\/eratosthenes.eu\/wordpress\/wp-content\/uploads\/2022\/02\/EXP-parallel.jpg 1600w\" sizes=\"auto, (max-width: 1024px) 100vw, 1024px\" \/><\/figure>\n\n\n\n<p><strong><a href=\"https:\/\/sites.google.com\/view\/eratosthenesactivities\/activities\/parallelism-of-solar-rays\" target=\"_blank\" rel=\"noreferrer noopener\">Parallelism of the solar rays<\/a><br><a href=\"https:\/\/sites.google.com\/view\/activiteseratosthene\/activit%C3%A9s\/parall%C3%A9lisme-des-rayons-solaires\" target=\"_blank\" rel=\"noreferrer noopener\">Parall\u00e9lisme des rayons solaires<\/a><\/strong> <\/p>\n<\/div>\n\n\n\n<div class=\"wp-block-column is-layout-flow wp-block-column-is-layout-flow\">\n<h3 class=\"has-text-align-center wp-block-heading\" id=\"collaborative-project\"><strong>Curve of the Earth<\/strong><\/h3>\n\n\n\n<figure class=\"wp-block-image size-large\"><img loading=\"lazy\" decoding=\"async\" width=\"1024\" height=\"576\" src=\"https:\/\/eratosthenes.eu\/wordpress\/wp-content\/uploads\/2022\/02\/EXP-curvel-1024x576.jpg\" alt=\"\" class=\"wp-image-570\" srcset=\"https:\/\/eratosthenes.eu\/wordpress\/wp-content\/uploads\/2022\/02\/EXP-curvel-1024x576.jpg 1024w, https:\/\/eratosthenes.eu\/wordpress\/wp-content\/uploads\/2022\/02\/EXP-curvel-300x169.jpg 300w, https:\/\/eratosthenes.eu\/wordpress\/wp-content\/uploads\/2022\/02\/EXP-curvel-768x432.jpg 768w, https:\/\/eratosthenes.eu\/wordpress\/wp-content\/uploads\/2022\/02\/EXP-curvel-1536x864.jpg 1536w, https:\/\/eratosthenes.eu\/wordpress\/wp-content\/uploads\/2022\/02\/EXP-curvel.jpg 1600w\" sizes=\"auto, (max-width: 1024px) 100vw, 1024px\" \/><\/figure>\n\n\n\n<p><strong><strong><a href=\"https:\/\/sites.google.com\/view\/eratosthenesactivities\/activities\/curve-of-the-earth\" target=\"_blank\" rel=\"noreferrer noopener\">Curve of the Earth<\/a><br><a href=\"https:\/\/sites.google.com\/view\/activiteseratosthene\/activit%C3%A9s\/courbure-de-la-terre\" target=\"_blank\" rel=\"noreferrer noopener\">Courbure de la Terre<\/a><\/strong> <\/strong><\/p>\n\n\n\n<p> <\/p>\n<\/div>\n<\/div>\n\n\n\n<div class=\"wp-block-columns alignwide is-layout-flex wp-container-core-columns-is-layout-9d6595d7 wp-block-columns-is-layout-flex\">\n<div class=\"wp-block-column is-layout-flow wp-block-column-is-layout-flow\">\n<h3 class=\"has-text-align-center has-contrast-color has-text-color wp-block-heading\" id=\"pedagogical-module\"><strong>Solar noon<\/strong><\/h3>\n\n\n\n<figure class=\"wp-block-image size-large\"><img loading=\"lazy\" decoding=\"async\" width=\"1024\" height=\"576\" src=\"https:\/\/eratosthenes.eu\/wordpress\/wp-content\/uploads\/2022\/02\/EXP-solar-noon-1024x576.jpg\" alt=\"\" class=\"wp-image-571\" srcset=\"https:\/\/eratosthenes.eu\/wordpress\/wp-content\/uploads\/2022\/02\/EXP-solar-noon-1024x576.jpg 1024w, https:\/\/eratosthenes.eu\/wordpress\/wp-content\/uploads\/2022\/02\/EXP-solar-noon-300x169.jpg 300w, https:\/\/eratosthenes.eu\/wordpress\/wp-content\/uploads\/2022\/02\/EXP-solar-noon-768x432.jpg 768w, https:\/\/eratosthenes.eu\/wordpress\/wp-content\/uploads\/2022\/02\/EXP-solar-noon-1536x864.jpg 1536w, https:\/\/eratosthenes.eu\/wordpress\/wp-content\/uploads\/2022\/02\/EXP-solar-noon.jpg 1600w\" sizes=\"auto, (max-width: 1024px) 100vw, 1024px\" \/><\/figure>\n\n\n\n<p><strong><strong><a href=\"https:\/\/sites.google.com\/view\/eratosthenesactivities\/activities\/solar-noon\" target=\"_blank\" rel=\"noreferrer noopener\">Solar noon<\/a><br><a href=\"https:\/\/sites.google.com\/view\/activiteseratosthene\/activit%C3%A9s\/midi-solaire\" target=\"_blank\" rel=\"noreferrer noopener\">Midi solaire<\/a><\/strong> <\/strong><\/p>\n<\/div>\n\n\n\n<div class=\"wp-block-column is-layout-flow wp-block-column-is-layout-flow\">\n<h3 class=\"has-text-align-center wp-block-heading\" id=\"collaborative-project\"><strong>Angle of the sun<\/strong><\/h3>\n\n\n\n<figure class=\"wp-block-image size-large\"><img loading=\"lazy\" decoding=\"async\" width=\"1024\" height=\"576\" src=\"https:\/\/eratosthenes.eu\/wordpress\/wp-content\/uploads\/2022\/02\/EXP-angle-1024x576.jpg\" alt=\"\" class=\"wp-image-572\" srcset=\"https:\/\/eratosthenes.eu\/wordpress\/wp-content\/uploads\/2022\/02\/EXP-angle-1024x576.jpg 1024w, https:\/\/eratosthenes.eu\/wordpress\/wp-content\/uploads\/2022\/02\/EXP-angle-300x169.jpg 300w, https:\/\/eratosthenes.eu\/wordpress\/wp-content\/uploads\/2022\/02\/EXP-angle-768x432.jpg 768w, https:\/\/eratosthenes.eu\/wordpress\/wp-content\/uploads\/2022\/02\/EXP-angle-1536x864.jpg 1536w, https:\/\/eratosthenes.eu\/wordpress\/wp-content\/uploads\/2022\/02\/EXP-angle.jpg 1600w\" sizes=\"auto, (max-width: 1024px) 100vw, 1024px\" \/><\/figure>\n\n\n\n<p><strong><a href=\"https:\/\/sites.google.com\/view\/eratosthenesactivities\/activities\/angle-of-the-sun\" target=\"_blank\" rel=\"noreferrer noopener\">Angle of the sun<\/a><br><a href=\"https:\/\/sites.google.com\/view\/activiteseratosthene\/activit%C3%A9s\/angle-du-soleil\" target=\"_blank\" rel=\"noreferrer noopener\">Angle du Soleil<\/a><\/strong><\/p>\n\n\n\n<p> <\/p>\n<\/div>\n<\/div>\n\n\n\n<div class=\"wp-block-columns alignwide is-layout-flex wp-container-core-columns-is-layout-9d6595d7 wp-block-columns-is-layout-flex\">\n<div class=\"wp-block-column is-layout-flow wp-block-column-is-layout-flow\">\n<h3 class=\"has-text-align-center has-contrast-color has-text-color wp-block-heading\" id=\"pedagogical-module\"><strong>Alternate interior angles<\/strong><\/h3>\n\n\n\n<figure class=\"wp-block-image size-large\"><img loading=\"lazy\" decoding=\"async\" width=\"1024\" height=\"576\" src=\"https:\/\/eratosthenes.eu\/wordpress\/wp-content\/uploads\/2022\/02\/EXP-Alternate-interior-1024x576.jpg\" alt=\"\" class=\"wp-image-573\" srcset=\"https:\/\/eratosthenes.eu\/wordpress\/wp-content\/uploads\/2022\/02\/EXP-Alternate-interior-1024x576.jpg 1024w, https:\/\/eratosthenes.eu\/wordpress\/wp-content\/uploads\/2022\/02\/EXP-Alternate-interior-300x169.jpg 300w, https:\/\/eratosthenes.eu\/wordpress\/wp-content\/uploads\/2022\/02\/EXP-Alternate-interior-768x432.jpg 768w, https:\/\/eratosthenes.eu\/wordpress\/wp-content\/uploads\/2022\/02\/EXP-Alternate-interior-1536x864.jpg 1536w, https:\/\/eratosthenes.eu\/wordpress\/wp-content\/uploads\/2022\/02\/EXP-Alternate-interior.jpg 1600w\" sizes=\"auto, (max-width: 1024px) 100vw, 1024px\" \/><\/figure>\n\n\n\n<p><strong><a href=\"https:\/\/sites.google.com\/view\/eratosthenesactivities\/activities\/alternate-interior-angles\" target=\"_blank\" rel=\"noreferrer noopener\">Alternate interior angles<\/a><br><a href=\"https:\/\/sites.google.com\/view\/activiteseratosthene\/activit%C3%A9s\/angles-alterne-interne\" target=\"_blank\" rel=\"noreferrer noopener\">Angles alternes internes<\/a><\/strong><\/p>\n<\/div>\n\n\n\n<div class=\"wp-block-column is-layout-flow wp-block-column-is-layout-flow\">\n<h3 class=\"has-text-align-center wp-block-heading\" id=\"collaborative-project\"><strong>Verticality Horizontality<\/strong><\/h3>\n\n\n\n<figure class=\"wp-block-image size-large\"><img loading=\"lazy\" decoding=\"async\" width=\"1024\" height=\"576\" src=\"https:\/\/eratosthenes.eu\/wordpress\/wp-content\/uploads\/2022\/02\/EXP-Verticality-Horizontality-1024x576.jpg\" alt=\"\" class=\"wp-image-574\" srcset=\"https:\/\/eratosthenes.eu\/wordpress\/wp-content\/uploads\/2022\/02\/EXP-Verticality-Horizontality-1024x576.jpg 1024w, https:\/\/eratosthenes.eu\/wordpress\/wp-content\/uploads\/2022\/02\/EXP-Verticality-Horizontality-300x169.jpg 300w, https:\/\/eratosthenes.eu\/wordpress\/wp-content\/uploads\/2022\/02\/EXP-Verticality-Horizontality-768x432.jpg 768w, https:\/\/eratosthenes.eu\/wordpress\/wp-content\/uploads\/2022\/02\/EXP-Verticality-Horizontality-1536x864.jpg 1536w, https:\/\/eratosthenes.eu\/wordpress\/wp-content\/uploads\/2022\/02\/EXP-Verticality-Horizontality.jpg 1600w\" sizes=\"auto, (max-width: 1024px) 100vw, 1024px\" \/><\/figure>\n\n\n\n<p><strong><a href=\"https:\/\/sites.google.com\/view\/eratosthenesactivities\/activities\/verticality-horizontality\" target=\"_blank\" rel=\"noreferrer noopener\">Verticality Horizontality<\/a><br><a href=\"https:\/\/sites.google.com\/view\/activiteseratosthene\/activit%C3%A9s\/verticalit%C3%A9-horizontalit%C3%A9\" target=\"_blank\" rel=\"noreferrer noopener\">Verticalit\u00e9 horizontalit\u00e9<\/a><\/strong><\/p>\n\n\n\n<p> <\/p>\n<\/div>\n<\/div>\n\n\n\n<p><\/p>\n\n\n\n<p><\/p>\n","protected":false},"excerpt":{"rendered":"<p>Pedagogical module on line Sequence 1 : Discovering and reproducing the experiment made by Eratosthenes Sequence 2 : Making and using the gnomons Sequence 3 : To discover solar noon Sequence 4 : Measure the angle between the solar rays and the vertical Sequence 5 : To measure Earth&rsquo;s size Module p\u00e9dagogique en ligne S\u00e9quence &#8230; <a title=\"Pedagogical module\" class=\"read-more\" href=\"https:\/\/eratosthenes.eu\/wordpress\/pedagogical-module\/\" aria-label=\"En savoir plus sur Pedagogical module\">Lire la suite<\/a><\/p>\n","protected":false},"author":1,"featured_media":445,"parent":0,"menu_order":0,"comment_status":"closed","ping_status":"closed","template":"","meta":{"footnotes":""},"class_list":["post-125","page","type-page","status-publish","has-post-thumbnail"],"yoast_head":"<!-- This site is optimized with the Yoast SEO plugin v26.7 - https:\/\/yoast.com\/wordpress\/plugins\/seo\/ -->\n<title>Pedagogical module - Eratosthenes<\/title>\n<meta name=\"robots\" content=\"index, follow, max-snippet:-1, max-image-preview:large, max-video-preview:-1\" \/>\n<link rel=\"canonical\" href=\"https:\/\/eratosthenes.eu\/wordpress\/pedagogical-module\/\" \/>\n<meta property=\"og:locale\" content=\"fr_FR\" \/>\n<meta property=\"og:type\" content=\"article\" \/>\n<meta property=\"og:title\" content=\"Pedagogical module - Eratosthenes\" \/>\n<meta property=\"og:description\" content=\"Pedagogical module on line Sequence 1 : Discovering and reproducing the experiment made by Eratosthenes Sequence 2 : Making and using the gnomons Sequence 3 : To discover solar noon Sequence 4 : Measure the angle between the solar rays and the vertical Sequence 5 : To measure Earth&#039;s size Module p\u00e9dagogique en ligne S\u00e9quence ... Lire la suite\" \/>\n<meta property=\"og:url\" content=\"https:\/\/eratosthenes.eu\/wordpress\/pedagogical-module\/\" \/>\n<meta property=\"og:site_name\" content=\"Eratosthenes\" \/>\n<meta property=\"article:modified_time\" content=\"2022-10-24T22:15:14+00:00\" \/>\n<meta property=\"og:image\" content=\"https:\/\/eratosthenes.eu\/wordpress\/wp-content\/uploads\/2022\/02\/peda-1600-1.jpg\" \/>\n\t<meta property=\"og:image:width\" content=\"1600\" \/>\n\t<meta property=\"og:image:height\" content=\"900\" \/>\n\t<meta property=\"og:image:type\" content=\"image\/jpeg\" \/>\n<meta name=\"twitter:label1\" content=\"Dur\u00e9e de lecture estim\u00e9e\" \/>\n\t<meta name=\"twitter:data1\" content=\"3 minutes\" \/>\n<script type=\"application\/ld+json\" class=\"yoast-schema-graph\">{\"@context\":\"https:\/\/schema.org\",\"@graph\":[{\"@type\":\"WebPage\",\"@id\":\"https:\/\/eratosthenes.eu\/wordpress\/pedagogical-module\/\",\"url\":\"https:\/\/eratosthenes.eu\/wordpress\/pedagogical-module\/\",\"name\":\"Pedagogical module - Eratosthenes\",\"isPartOf\":{\"@id\":\"https:\/\/eratosthenes.eu\/wordpress\/#website\"},\"primaryImageOfPage\":{\"@id\":\"https:\/\/eratosthenes.eu\/wordpress\/pedagogical-module\/#primaryimage\"},\"image\":{\"@id\":\"https:\/\/eratosthenes.eu\/wordpress\/pedagogical-module\/#primaryimage\"},\"thumbnailUrl\":\"https:\/\/eratosthenes.eu\/wordpress\/wp-content\/uploads\/2022\/02\/peda-1600-1.jpg\",\"datePublished\":\"2022-02-22T20:05:39+00:00\",\"dateModified\":\"2022-10-24T22:15:14+00:00\",\"inLanguage\":\"fr-FR\",\"potentialAction\":[{\"@type\":\"ReadAction\",\"target\":[\"https:\/\/eratosthenes.eu\/wordpress\/pedagogical-module\/\"]}]},{\"@type\":\"ImageObject\",\"inLanguage\":\"fr-FR\",\"@id\":\"https:\/\/eratosthenes.eu\/wordpress\/pedagogical-module\/#primaryimage\",\"url\":\"https:\/\/eratosthenes.eu\/wordpress\/wp-content\/uploads\/2022\/02\/peda-1600-1.jpg\",\"contentUrl\":\"https:\/\/eratosthenes.eu\/wordpress\/wp-content\/uploads\/2022\/02\/peda-1600-1.jpg\",\"width\":1600,\"height\":900},{\"@type\":\"WebSite\",\"@id\":\"https:\/\/eratosthenes.eu\/wordpress\/#website\",\"url\":\"https:\/\/eratosthenes.eu\/wordpress\/\",\"name\":\"Eratosthenes\",\"description\":\"The circumference of the Earth\",\"potentialAction\":[{\"@type\":\"SearchAction\",\"target\":{\"@type\":\"EntryPoint\",\"urlTemplate\":\"https:\/\/eratosthenes.eu\/wordpress\/?s={search_term_string}\"},\"query-input\":{\"@type\":\"PropertyValueSpecification\",\"valueRequired\":true,\"valueName\":\"search_term_string\"}}],\"inLanguage\":\"fr-FR\"}]}<\/script>\n<!-- \/ Yoast SEO plugin. -->","yoast_head_json":{"title":"Pedagogical module - Eratosthenes","robots":{"index":"index","follow":"follow","max-snippet":"max-snippet:-1","max-image-preview":"max-image-preview:large","max-video-preview":"max-video-preview:-1"},"canonical":"https:\/\/eratosthenes.eu\/wordpress\/pedagogical-module\/","og_locale":"fr_FR","og_type":"article","og_title":"Pedagogical module - Eratosthenes","og_description":"Pedagogical module on line Sequence 1 : Discovering and reproducing the experiment made by Eratosthenes Sequence 2 : Making and using the gnomons Sequence 3 : To discover solar noon Sequence 4 : Measure the angle between the solar rays and the vertical Sequence 5 : To measure Earth's size Module p\u00e9dagogique en ligne S\u00e9quence ... Lire la suite","og_url":"https:\/\/eratosthenes.eu\/wordpress\/pedagogical-module\/","og_site_name":"Eratosthenes","article_modified_time":"2022-10-24T22:15:14+00:00","og_image":[{"width":1600,"height":900,"url":"https:\/\/eratosthenes.eu\/wordpress\/wp-content\/uploads\/2022\/02\/peda-1600-1.jpg","type":"image\/jpeg"}],"twitter_misc":{"Dur\u00e9e de lecture estim\u00e9e":"3 minutes"},"schema":{"@context":"https:\/\/schema.org","@graph":[{"@type":"WebPage","@id":"https:\/\/eratosthenes.eu\/wordpress\/pedagogical-module\/","url":"https:\/\/eratosthenes.eu\/wordpress\/pedagogical-module\/","name":"Pedagogical module - Eratosthenes","isPartOf":{"@id":"https:\/\/eratosthenes.eu\/wordpress\/#website"},"primaryImageOfPage":{"@id":"https:\/\/eratosthenes.eu\/wordpress\/pedagogical-module\/#primaryimage"},"image":{"@id":"https:\/\/eratosthenes.eu\/wordpress\/pedagogical-module\/#primaryimage"},"thumbnailUrl":"https:\/\/eratosthenes.eu\/wordpress\/wp-content\/uploads\/2022\/02\/peda-1600-1.jpg","datePublished":"2022-02-22T20:05:39+00:00","dateModified":"2022-10-24T22:15:14+00:00","inLanguage":"fr-FR","potentialAction":[{"@type":"ReadAction","target":["https:\/\/eratosthenes.eu\/wordpress\/pedagogical-module\/"]}]},{"@type":"ImageObject","inLanguage":"fr-FR","@id":"https:\/\/eratosthenes.eu\/wordpress\/pedagogical-module\/#primaryimage","url":"https:\/\/eratosthenes.eu\/wordpress\/wp-content\/uploads\/2022\/02\/peda-1600-1.jpg","contentUrl":"https:\/\/eratosthenes.eu\/wordpress\/wp-content\/uploads\/2022\/02\/peda-1600-1.jpg","width":1600,"height":900},{"@type":"WebSite","@id":"https:\/\/eratosthenes.eu\/wordpress\/#website","url":"https:\/\/eratosthenes.eu\/wordpress\/","name":"Eratosthenes","description":"The circumference of the Earth","potentialAction":[{"@type":"SearchAction","target":{"@type":"EntryPoint","urlTemplate":"https:\/\/eratosthenes.eu\/wordpress\/?s={search_term_string}"},"query-input":{"@type":"PropertyValueSpecification","valueRequired":true,"valueName":"search_term_string"}}],"inLanguage":"fr-FR"}]}},"_links":{"self":[{"href":"https:\/\/eratosthenes.eu\/wordpress\/wp-json\/wp\/v2\/pages\/125","targetHints":{"allow":["GET"]}}],"collection":[{"href":"https:\/\/eratosthenes.eu\/wordpress\/wp-json\/wp\/v2\/pages"}],"about":[{"href":"https:\/\/eratosthenes.eu\/wordpress\/wp-json\/wp\/v2\/types\/page"}],"author":[{"embeddable":true,"href":"https:\/\/eratosthenes.eu\/wordpress\/wp-json\/wp\/v2\/users\/1"}],"replies":[{"embeddable":true,"href":"https:\/\/eratosthenes.eu\/wordpress\/wp-json\/wp\/v2\/comments?post=125"}],"version-history":[{"count":25,"href":"https:\/\/eratosthenes.eu\/wordpress\/wp-json\/wp\/v2\/pages\/125\/revisions"}],"predecessor-version":[{"id":687,"href":"https:\/\/eratosthenes.eu\/wordpress\/wp-json\/wp\/v2\/pages\/125\/revisions\/687"}],"wp:featuredmedia":[{"embeddable":true,"href":"https:\/\/eratosthenes.eu\/wordpress\/wp-json\/wp\/v2\/media\/445"}],"wp:attachment":[{"href":"https:\/\/eratosthenes.eu\/wordpress\/wp-json\/wp\/v2\/media?parent=125"}],"curies":[{"name":"wp","href":"https:\/\/api.w.org\/{rel}","templated":true}]}}