{"id":422,"date":"2022-02-26T02:12:20","date_gmt":"2022-02-26T01:12:20","guid":{"rendered":"https:\/\/eratosthenesdouble.wordpress.com\/?page_id=422"},"modified":"2025-02-10T21:23:03","modified_gmt":"2025-02-10T20:23:03","slug":"collaborative-project-2","status":"publish","type":"page","link":"https:\/\/eratosthenes.eu\/wordpress\/collaborative-project-2\/","title":{"rendered":"Collaborative project"},"content":{"rendered":"\n<div class=\"wp-block-columns alignwide is-layout-flex wp-container-core-columns-is-layout-9d6595d7 wp-block-columns-is-layout-flex\">\n<div class=\"wp-block-column is-layout-flow wp-block-column-is-layout-flow\">\n<h3 class=\"wp-block-heading has-text-align-center has-contrast-color has-text-color\" id=\"pedagogical-module\"><strong><a href=\"https:\/\/school-education.ec.europa.eu\/en\/etwinning\" target=\"_blank\" rel=\"noreferrer noopener\">eTwinning portal<\/a><\/strong><\/h3>\n\n\n\n<figure class=\"wp-block-image size-large\"><img loading=\"lazy\" decoding=\"async\" width=\"1024\" height=\"406\" src=\"https:\/\/eratosthenes.eu\/wordpress\/wp-content\/uploads\/2025\/02\/eTwinning-portal-1024x406.jpg\" alt=\"\" class=\"wp-image-703\" srcset=\"https:\/\/eratosthenes.eu\/wordpress\/wp-content\/uploads\/2025\/02\/eTwinning-portal-1024x406.jpg 1024w, https:\/\/eratosthenes.eu\/wordpress\/wp-content\/uploads\/2025\/02\/eTwinning-portal-300x119.jpg 300w, https:\/\/eratosthenes.eu\/wordpress\/wp-content\/uploads\/2025\/02\/eTwinning-portal-768x305.jpg 768w, https:\/\/eratosthenes.eu\/wordpress\/wp-content\/uploads\/2025\/02\/eTwinning-portal.jpg 1179w\" sizes=\"auto, (max-width: 1024px) 100vw, 1024px\" \/><\/figure>\n\n\n\n<p><\/p>\n\n\n\n<p class=\"wp-block-code has-normal-font-size\"><img loading=\"lazy\" decoding=\"async\" src=\"https:\/\/eratosthenes.eu\/wordpress\/wp-content\/uploads\/2022\/02\/uk-24x36-1.jpg\" alt=\"\" class=\"wp-image-580\" width=\"36\" height=\"24\"> eTwinning&nbsp;offers a platform for teachers, head teachers, librarians working in a school in one of the European countries involved, to communicate, collaborate, develop projects.<\/p>\n\n\n\n<p class=\"wp-block-code has-normal-font-size\"><img loading=\"lazy\" decoding=\"async\" src=\"https:\/\/eratosthenes.eu\/wordpress\/wp-content\/uploads\/2022\/02\/france-24x36-1.jpg\" alt=\"\" class=\"wp-image-580\" width=\"36\" height=\"24\"> Sur la plate-forme&nbsp;eTwinning, enseignants, chefs d\u2019\u00e9tablissement, \u00e9ducateurs communiquent, coop\u00e8rent, d\u00e9veloppent des projets.<\/p>\n<\/div>\n\n\n\n<div class=\"wp-block-column is-layout-flow wp-block-column-is-layout-flow\">\n<h3 class=\"wp-block-heading has-text-align-center\" id=\"collaborative-project\"><strong><a href=\"http:\/\/school-education.ec.europa.eu\/en\/etwinning\/projects\/eratosthenes-2025\/twinspace\/pages\/eratosthenes-home-page\">Twinspace<\/a><\/strong><\/h3>\n\n\n\n<figure class=\"wp-block-image size-large\"><img loading=\"lazy\" decoding=\"async\" width=\"1024\" height=\"482\" src=\"https:\/\/eratosthenes.eu\/wordpress\/wp-content\/uploads\/2025\/02\/Twinspace-2025-1024x482.jpg\" alt=\"\" class=\"wp-image-702\" srcset=\"https:\/\/eratosthenes.eu\/wordpress\/wp-content\/uploads\/2025\/02\/Twinspace-2025-1024x482.jpg 1024w, https:\/\/eratosthenes.eu\/wordpress\/wp-content\/uploads\/2025\/02\/Twinspace-2025-300x141.jpg 300w, https:\/\/eratosthenes.eu\/wordpress\/wp-content\/uploads\/2025\/02\/Twinspace-2025-768x361.jpg 768w, https:\/\/eratosthenes.eu\/wordpress\/wp-content\/uploads\/2025\/02\/Twinspace-2025.jpg 1199w\" sizes=\"auto, (max-width: 1024px) 100vw, 1024px\" \/><\/figure>\n\n\n\n<p class=\"wp-block-code has-normal-font-size\"><img loading=\"lazy\" decoding=\"async\" src=\"https:\/\/eratosthenes.eu\/wordpress\/wp-content\/uploads\/2022\/02\/uk-24x36-1.jpg\" alt=\"\" class=\"wp-image-580\" width=\"36\" height=\"24\"> The TwinSpace is a safe platform where the teachers and students meet and collaborate with peers from their partner schools.<\/p>\n\n\n\n<p class=\"wp-block-code has-normal-font-size\"><img loading=\"lazy\" decoding=\"async\" src=\"https:\/\/eratosthenes.eu\/wordpress\/wp-content\/uploads\/2022\/02\/france-24x36-1.jpg\" alt=\"\" class=\"wp-image-580\" width=\"36\" height=\"24\"> Le TwinSpace est une plateforme s\u00e9curis\u00e9e o\u00f9 enseignants et \u00e9l\u00e8ves rencontrent leurs partenaires et collaborent avec eux.<\/p>\n<\/div>\n<\/div>\n\n\n\n<div class=\"wp-block-columns alignwide is-layout-flex wp-container-core-columns-is-layout-9d6595d7 wp-block-columns-is-layout-flex\">\n<div class=\"wp-block-column is-layout-flow wp-block-column-is-layout-flow\">\n<h3 class=\"wp-block-heading\">Transdisciplinar activities<\/h3>\n\n\n\n<div class=\"wp-block-columns is-layout-flex wp-container-core-columns-is-layout-9d6595d7 wp-block-columns-is-layout-flex\">\n<div class=\"wp-block-column is-layout-flow wp-block-column-is-layout-flow\" style=\"flex-basis:100%\"><\/div>\n\n\n\n<div class=\"wp-block-column is-layout-flow wp-block-column-is-layout-flow\"><\/div>\n<\/div>\n\n\n\n<div class=\"wp-block-buttons is-layout-flex wp-block-buttons-is-layout-flex\">\n<div class=\"wp-block-button has-custom-width wp-block-button__width-50 is-style-outline is-style-outline--1\"><a class=\"wp-block-button__link no-border-radius wp-element-button\" href=\"https:\/\/sites.google.com\/view\/eratosthenes-transdisciplinar\/homeaccueil\/songchant\" target=\"_blank\" rel=\"noreferrer noopener\">Song\/Chant<\/a><\/div>\n\n\n\n<div class=\"wp-block-button has-custom-width wp-block-button__width-50 is-style-outline is-style-outline--2\"><a class=\"wp-block-button__link no-border-radius wp-element-button\" href=\"https:\/\/sites.google.com\/view\/eratosthenes-transdisciplinar\/homeaccueil\/observation\" target=\"_blank\" rel=\"noreferrer noopener\"> Observation<\/a><\/div>\n\n\n\n<div class=\"wp-block-button has-custom-width wp-block-button__width-50 is-style-outline is-style-outline--3\"><a class=\"wp-block-button__link no-border-radius wp-element-button\" href=\"https:\/\/sites.google.com\/view\/eratosthenes-transdisciplinar\/homeaccueil\/act-studio\" target=\"_blank\" rel=\"noreferrer noopener\"> Act studio<\/a><\/div>\n\n\n\n<div class=\"wp-block-button has-custom-width wp-block-button__width-50 is-style-outline is-style-outline--4\"><a class=\"wp-block-button__link no-border-radius wp-element-button\" href=\"https:\/\/sites.google.com\/view\/eratosthenes-transdisciplinar\/homeaccueil\/code\" target=\"_blank\" rel=\"noreferrer noopener\">Code<\/a><\/div>\n\n\n\n<div class=\"wp-block-button has-custom-width wp-block-button__width-50 is-style-outline is-style-outline--5\"><a class=\"wp-block-button__link no-border-radius wp-element-button\" href=\"https:\/\/sites.google.com\/view\/eratosthenes-transdisciplinar\/homeaccueil\/sunflowertournesol\" target=\"_blank\" rel=\"noreferrer noopener\">Sunflower<\/a><\/div>\n\n\n\n<div class=\"wp-block-button has-custom-width wp-block-button__width-50 is-style-outline is-style-outline--6\"><a class=\"wp-block-button__link no-border-radius wp-element-button\" href=\"https:\/\/sites.google.com\/view\/eratosthenes-transdisciplinar\/homeaccueil\/sundialcadran\" target=\"_blank\" rel=\"noreferrer noopener\">Sundial\/Cadran<\/a><\/div>\n\n\n\n<div class=\"wp-block-button has-custom-width wp-block-button__width-50 is-style-outline is-style-outline--7\"><a class=\"wp-block-button__link no-border-radius wp-element-button\" href=\"https:\/\/sites.google.com\/view\/eratosthenes-transdisciplinar\/homeaccueil\/drawdessin\" target=\"_blank\" rel=\"noreferrer noopener\"> Draw\/Dessin<\/a><\/div>\n\n\n\n<div class=\"wp-block-button has-custom-width wp-block-button__width-50 is-style-outline is-style-outline--8\"><a class=\"wp-block-button__link no-border-radius wp-element-button\" href=\"https:\/\/sites.google.com\/view\/eratosthenes-transdisciplinar\/homeaccueil\/gamejeu\" target=\"_blank\" rel=\"noreferrer noopener\">Game\/Jeu<\/a><\/div>\n\n\n\n<div class=\"wp-block-button has-custom-width wp-block-button__width-50 is-style-outline is-style-outline--9\"><a class=\"wp-block-button__link no-border-radius wp-element-button\" href=\"https:\/\/sites.google.com\/view\/eratosthenes-transdisciplinar\/homeaccueil\/design\" target=\"_blank\" rel=\"noreferrer noopener\">Design<\/a><\/div>\n\n\n\n<div class=\"wp-block-button has-custom-width wp-block-button__width-50 is-style-outline is-style-outline--10\"><a class=\"wp-block-button__link no-border-radius wp-element-button\" href=\"https:\/\/sites.google.com\/view\/eratosthenes-transdisciplinar\/homeaccueil\/antique-greece\" target=\"_blank\" rel=\"noreferrer noopener\">Antique Greece<\/a><\/div>\n<\/div>\n<\/div>\n<\/div>\n\n\n\n<h3 class=\"wp-block-heading has-text-align-center has-contrast-color has-text-color\" id=\"pedagogical-module\"><strong>Partner schools<\/strong><\/h3>\n\n\n\n<pre class=\"wp-block-preformatted\"><iframe loading=\"lazy\" src=\"https:\/\/www.google.com\/maps\/d\/u\/0\/embed?mid=1kMvfD-jeXEHzlEroa-Gly-jo470&amp;ehbc=2E312F\" width=\"100%\" height=\"480\"><\/iframe><\/pre>\n\n\n\n<div class=\"wp-block-buttons is-layout-flex wp-block-buttons-is-layout-flex\"><\/div>\n","protected":false},"excerpt":{"rendered":"<p>eTwinning portal eTwinning&nbsp;offers a platform for teachers, head teachers, librarians working in a school in one of the European countries involved, to communicate, collaborate, develop projects. Sur la plate-forme&nbsp;eTwinning, enseignants, chefs d\u2019\u00e9tablissement, \u00e9ducateurs communiquent, coop\u00e8rent, d\u00e9veloppent des projets. Twinspace The TwinSpace is a safe platform where the teachers and students meet and collaborate with peers &#8230; <a title=\"Collaborative project\" class=\"read-more\" href=\"https:\/\/eratosthenes.eu\/wordpress\/collaborative-project-2\/\" aria-label=\"En savoir plus sur Collaborative project\">Lire la suite<\/a><\/p>\n","protected":false},"author":1,"featured_media":442,"parent":0,"menu_order":0,"comment_status":"closed","ping_status":"closed","template":"","meta":{"footnotes":""},"class_list":["post-422","page","type-page","status-publish","has-post-thumbnail"],"yoast_head":"<!-- This site is optimized with the Yoast SEO plugin v26.7 - https:\/\/yoast.com\/wordpress\/plugins\/seo\/ -->\n<title>Collaborative project - Eratosthenes<\/title>\n<meta name=\"robots\" content=\"index, follow, max-snippet:-1, max-image-preview:large, max-video-preview:-1\" \/>\n<link rel=\"canonical\" href=\"https:\/\/eratosthenes.eu\/wordpress\/collaborative-project-2\/\" \/>\n<meta property=\"og:locale\" content=\"fr_FR\" \/>\n<meta property=\"og:type\" content=\"article\" \/>\n<meta property=\"og:title\" content=\"Collaborative project - Eratosthenes\" \/>\n<meta property=\"og:description\" content=\"eTwinning portal eTwinning&nbsp;offers a platform for teachers, head teachers, librarians working in a school in one of the European countries involved, to communicate, collaborate, develop projects. Sur la plate-forme&nbsp;eTwinning, enseignants, chefs d\u2019\u00e9tablissement, \u00e9ducateurs communiquent, coop\u00e8rent, d\u00e9veloppent des projets. Twinspace The TwinSpace is a safe platform where the teachers and students meet and collaborate with peers ... Lire la suite\" \/>\n<meta property=\"og:url\" content=\"https:\/\/eratosthenes.eu\/wordpress\/collaborative-project-2\/\" \/>\n<meta property=\"og:site_name\" content=\"Eratosthenes\" \/>\n<meta property=\"article:modified_time\" content=\"2025-02-10T20:23:03+00:00\" \/>\n<meta property=\"og:image\" content=\"https:\/\/eratosthenes.eu\/wordpress\/wp-content\/uploads\/2022\/02\/collab-1600-1.jpg\" \/>\n\t<meta property=\"og:image:width\" content=\"1600\" \/>\n\t<meta property=\"og:image:height\" content=\"900\" \/>\n\t<meta property=\"og:image:type\" content=\"image\/jpeg\" \/>\n<meta name=\"twitter:label1\" content=\"Dur\u00e9e de lecture estim\u00e9e\" \/>\n\t<meta name=\"twitter:data1\" content=\"2 minutes\" \/>\n<script type=\"application\/ld+json\" class=\"yoast-schema-graph\">{\"@context\":\"https:\/\/schema.org\",\"@graph\":[{\"@type\":\"WebPage\",\"@id\":\"https:\/\/eratosthenes.eu\/wordpress\/collaborative-project-2\/\",\"url\":\"https:\/\/eratosthenes.eu\/wordpress\/collaborative-project-2\/\",\"name\":\"Collaborative project - Eratosthenes\",\"isPartOf\":{\"@id\":\"https:\/\/eratosthenes.eu\/wordpress\/#website\"},\"primaryImageOfPage\":{\"@id\":\"https:\/\/eratosthenes.eu\/wordpress\/collaborative-project-2\/#primaryimage\"},\"image\":{\"@id\":\"https:\/\/eratosthenes.eu\/wordpress\/collaborative-project-2\/#primaryimage\"},\"thumbnailUrl\":\"https:\/\/eratosthenes.eu\/wordpress\/wp-content\/uploads\/2022\/02\/collab-1600-1.jpg\",\"datePublished\":\"2022-02-26T01:12:20+00:00\",\"dateModified\":\"2025-02-10T20:23:03+00:00\",\"inLanguage\":\"fr-FR\",\"potentialAction\":[{\"@type\":\"ReadAction\",\"target\":[\"https:\/\/eratosthenes.eu\/wordpress\/collaborative-project-2\/\"]}]},{\"@type\":\"ImageObject\",\"inLanguage\":\"fr-FR\",\"@id\":\"https:\/\/eratosthenes.eu\/wordpress\/collaborative-project-2\/#primaryimage\",\"url\":\"https:\/\/eratosthenes.eu\/wordpress\/wp-content\/uploads\/2022\/02\/collab-1600-1.jpg\",\"contentUrl\":\"https:\/\/eratosthenes.eu\/wordpress\/wp-content\/uploads\/2022\/02\/collab-1600-1.jpg\",\"width\":1600,\"height\":900},{\"@type\":\"WebSite\",\"@id\":\"https:\/\/eratosthenes.eu\/wordpress\/#website\",\"url\":\"https:\/\/eratosthenes.eu\/wordpress\/\",\"name\":\"Eratosthenes\",\"description\":\"The circumference of the Earth\",\"potentialAction\":[{\"@type\":\"SearchAction\",\"target\":{\"@type\":\"EntryPoint\",\"urlTemplate\":\"https:\/\/eratosthenes.eu\/wordpress\/?s={search_term_string}\"},\"query-input\":{\"@type\":\"PropertyValueSpecification\",\"valueRequired\":true,\"valueName\":\"search_term_string\"}}],\"inLanguage\":\"fr-FR\"}]}<\/script>\n<!-- \/ Yoast SEO plugin. -->","yoast_head_json":{"title":"Collaborative project - Eratosthenes","robots":{"index":"index","follow":"follow","max-snippet":"max-snippet:-1","max-image-preview":"max-image-preview:large","max-video-preview":"max-video-preview:-1"},"canonical":"https:\/\/eratosthenes.eu\/wordpress\/collaborative-project-2\/","og_locale":"fr_FR","og_type":"article","og_title":"Collaborative project - Eratosthenes","og_description":"eTwinning portal eTwinning&nbsp;offers a platform for teachers, head teachers, librarians working in a school in one of the European countries involved, to communicate, collaborate, develop projects. Sur la plate-forme&nbsp;eTwinning, enseignants, chefs d\u2019\u00e9tablissement, \u00e9ducateurs communiquent, coop\u00e8rent, d\u00e9veloppent des projets. Twinspace The TwinSpace is a safe platform where the teachers and students meet and collaborate with peers ... Lire la suite","og_url":"https:\/\/eratosthenes.eu\/wordpress\/collaborative-project-2\/","og_site_name":"Eratosthenes","article_modified_time":"2025-02-10T20:23:03+00:00","og_image":[{"width":1600,"height":900,"url":"https:\/\/eratosthenes.eu\/wordpress\/wp-content\/uploads\/2022\/02\/collab-1600-1.jpg","type":"image\/jpeg"}],"twitter_misc":{"Dur\u00e9e de lecture estim\u00e9e":"2 minutes"},"schema":{"@context":"https:\/\/schema.org","@graph":[{"@type":"WebPage","@id":"https:\/\/eratosthenes.eu\/wordpress\/collaborative-project-2\/","url":"https:\/\/eratosthenes.eu\/wordpress\/collaborative-project-2\/","name":"Collaborative project - Eratosthenes","isPartOf":{"@id":"https:\/\/eratosthenes.eu\/wordpress\/#website"},"primaryImageOfPage":{"@id":"https:\/\/eratosthenes.eu\/wordpress\/collaborative-project-2\/#primaryimage"},"image":{"@id":"https:\/\/eratosthenes.eu\/wordpress\/collaborative-project-2\/#primaryimage"},"thumbnailUrl":"https:\/\/eratosthenes.eu\/wordpress\/wp-content\/uploads\/2022\/02\/collab-1600-1.jpg","datePublished":"2022-02-26T01:12:20+00:00","dateModified":"2025-02-10T20:23:03+00:00","inLanguage":"fr-FR","potentialAction":[{"@type":"ReadAction","target":["https:\/\/eratosthenes.eu\/wordpress\/collaborative-project-2\/"]}]},{"@type":"ImageObject","inLanguage":"fr-FR","@id":"https:\/\/eratosthenes.eu\/wordpress\/collaborative-project-2\/#primaryimage","url":"https:\/\/eratosthenes.eu\/wordpress\/wp-content\/uploads\/2022\/02\/collab-1600-1.jpg","contentUrl":"https:\/\/eratosthenes.eu\/wordpress\/wp-content\/uploads\/2022\/02\/collab-1600-1.jpg","width":1600,"height":900},{"@type":"WebSite","@id":"https:\/\/eratosthenes.eu\/wordpress\/#website","url":"https:\/\/eratosthenes.eu\/wordpress\/","name":"Eratosthenes","description":"The circumference of the Earth","potentialAction":[{"@type":"SearchAction","target":{"@type":"EntryPoint","urlTemplate":"https:\/\/eratosthenes.eu\/wordpress\/?s={search_term_string}"},"query-input":{"@type":"PropertyValueSpecification","valueRequired":true,"valueName":"search_term_string"}}],"inLanguage":"fr-FR"}]}},"_links":{"self":[{"href":"https:\/\/eratosthenes.eu\/wordpress\/wp-json\/wp\/v2\/pages\/422","targetHints":{"allow":["GET"]}}],"collection":[{"href":"https:\/\/eratosthenes.eu\/wordpress\/wp-json\/wp\/v2\/pages"}],"about":[{"href":"https:\/\/eratosthenes.eu\/wordpress\/wp-json\/wp\/v2\/types\/page"}],"author":[{"embeddable":true,"href":"https:\/\/eratosthenes.eu\/wordpress\/wp-json\/wp\/v2\/users\/1"}],"replies":[{"embeddable":true,"href":"https:\/\/eratosthenes.eu\/wordpress\/wp-json\/wp\/v2\/comments?post=422"}],"version-history":[{"count":18,"href":"https:\/\/eratosthenes.eu\/wordpress\/wp-json\/wp\/v2\/pages\/422\/revisions"}],"predecessor-version":[{"id":706,"href":"https:\/\/eratosthenes.eu\/wordpress\/wp-json\/wp\/v2\/pages\/422\/revisions\/706"}],"wp:featuredmedia":[{"embeddable":true,"href":"https:\/\/eratosthenes.eu\/wordpress\/wp-json\/wp\/v2\/media\/442"}],"wp:attachment":[{"href":"https:\/\/eratosthenes.eu\/wordpress\/wp-json\/wp\/v2\/media?parent=422"}],"curies":[{"name":"wp","href":"https:\/\/api.w.org\/{rel}","templated":true}]}}